{"id":7688,"date":"2019-01-13T13:34:20","date_gmt":"2019-01-13T12:34:20","guid":{"rendered":"https:\/\/everydayplantpower.com\/?page_id=7688"},"modified":"2022-06-26T10:56:52","modified_gmt":"2022-06-26T08:56:52","slug":"plantbased-recipes-foodcoaching-and-workshops","status":"publish","type":"page","link":"https:\/\/everydayplantpower.com\/nl\/","title":{"rendered":"Home"},"content":{"rendered":"<div class=\"wp-block-image\">\n<figure class=\"aligncenter size-full\"><img data-recalc-dims=\"1\" loading=\"lazy\" decoding=\"async\" width=\"1000\" height=\"749\" data-attachment-id=\"11111\" data-permalink=\"https:\/\/everydayplantpower.com\/nl\/2020\/12\/10\/plantbased-xmas\/xmas9\/\" data-orig-file=\"https:\/\/i0.wp.com\/everydayplantpower.com\/wp-content\/uploads\/2020\/12\/xmas9.png?fit=1502%2C1125&amp;ssl=1\" data-orig-size=\"1502,1125\" data-comments-opened=\"1\" data-image-meta=\"{&quot;aperture&quot;:&quot;0&quot;,&quot;credit&quot;:&quot;&quot;,&quot;camera&quot;:&quot;&quot;,&quot;caption&quot;:&quot;&quot;,&quot;created_timestamp&quot;:&quot;0&quot;,&quot;copyright&quot;:&quot;&quot;,&quot;focal_length&quot;:&quot;0&quot;,&quot;iso&quot;:&quot;0&quot;,&quot;shutter_speed&quot;:&quot;0&quot;,&quot;title&quot;:&quot;&quot;,&quot;orientation&quot;:&quot;0&quot;}\" data-image-title=\"xmas9\" data-image-description=\"\" data-image-caption=\"\" data-large-file=\"https:\/\/i0.wp.com\/everydayplantpower.com\/wp-content\/uploads\/2020\/12\/xmas9.png?fit=1000%2C749&amp;ssl=1\" src=\"https:\/\/i0.wp.com\/everydayplantpower.com\/wp-content\/uploads\/2020\/12\/xmas9.png?resize=1000%2C749&#038;ssl=1\" alt=\"\" class=\"wp-image-11111\" srcset=\"https:\/\/i0.wp.com\/everydayplantpower.com\/wp-content\/uploads\/2020\/12\/xmas9.png?w=1502&amp;ssl=1 1502w, https:\/\/i0.wp.com\/everydayplantpower.com\/wp-content\/uploads\/2020\/12\/xmas9.png?resize=300%2C225&amp;ssl=1 300w, https:\/\/i0.wp.com\/everydayplantpower.com\/wp-content\/uploads\/2020\/12\/xmas9.png?resize=1024%2C767&amp;ssl=1 1024w, https:\/\/i0.wp.com\/everydayplantpower.com\/wp-content\/uploads\/2020\/12\/xmas9.png?resize=768%2C575&amp;ssl=1 768w, https:\/\/i0.wp.com\/everydayplantpower.com\/wp-content\/uploads\/2020\/12\/xmas9.png?resize=1200%2C899&amp;ssl=1 1200w, https:\/\/i0.wp.com\/everydayplantpower.com\/wp-content\/uploads\/2020\/12\/xmas9.png?resize=800%2C600&amp;ssl=1 800w, https:\/\/i0.wp.com\/everydayplantpower.com\/wp-content\/uploads\/2020\/12\/xmas9.png?resize=400%2C300&amp;ssl=1 400w, https:\/\/i0.wp.com\/everydayplantpower.com\/wp-content\/uploads\/2020\/12\/xmas9.png?resize=200%2C150&amp;ssl=1 200w\" sizes=\"auto, (max-width: 1000px) 100vw, 1000px\" \/><\/figure>\n<\/div>\n\n\n<p class=\"wp-block-paragraph\">Welkom op mijn website<\/p>\n\n\n\n<p class=\"wp-block-paragraph\">Deze website is voor iedereen die van lekker eten houdt. Of je nou vegan, vegetarisch of iemand bent die open staat voor nieuwe en andere manieren van koken. Hier ontdek je de veelzijdigheid van plantaardig eten.<\/p>\n\n\n\n<p class=\"wp-block-paragraph\">Het is mijn missie om heerlijke alledaagse plantaardige recepten met jou te delen voor dagelijks gebruik. Maar ook mijn ervaringen op het gebied van restaurants en reizen met jou te delen. <a href=\"https:\/\/everydayplantpower.com\/nl\/workshops-2\/\" target=\"_blank\" rel=\"noreferrer noopener\">Ik bied workshops aan<\/a> en plantaardige kooklessen\/<a href=\"https:\/\/everydayplantpower.com\/nl\/coaching\/\" target=\"_blank\" rel=\"noreferrer noopener\">foodcoaching<\/a> in kleine groepjes of \u00e9\u00e9n-op-\u00e9\u00e9n. Afgestemd op jouw specifieke wensen en behoeften.<\/p>\n\n\n\n<p class=\"wp-block-paragraph\">Ik hoop dat je mijn website met net zo veel plezier bezoekt als dat ik hem maak.<\/p>\n\n\n\n<p class=\"wp-block-paragraph\">Genoeg tijd verspild. Ik nodig je uit tot een culinaire ontdekkingstocht!<\/p>\n\n\n\n<p class=\"wp-block-paragraph\">Br\u00fcnhilde Albers<\/p>\n\n\n\n<p class=\"wp-block-paragraph\"><\/p>","protected":false},"excerpt":{"rendered":"<p>Welcome to my site. This site is for anyone who loves delicious, healthy food. Whether you are a vegan, vegetarian or just someone who is open to new and alternative ways of cooking, this is the place to discover the richness that plantbased food has to offer everyone. My aim is to share with you&#8230; <\/p>\n<div class=\"link-more\"><a href=\"https:\/\/everydayplantpower.com\/nl\/\">Lees Meer<\/a><\/div>","protected":false},"author":147279797,"featured_media":11115,"parent":0,"menu_order":0,"comment_status":"closed","ping_status":"closed","template":"","meta":{"_coblocks_attr":"","_coblocks_dimensions":"","_coblocks_responsive_height":"","_coblocks_accordion_ie_support":"","_crdt_document":"","footnotes":""},"class_list":["post-7688","page","type-page","status-publish","has-post-thumbnail","hentry"],"yoast_head":"<!-- This site is optimized with the Yoast SEO plugin v27.6 - https:\/\/yoast.com\/product\/yoast-seo-wordpress\/ -->\n<title>Home - Everyday Plantpower<\/title>\n<meta name=\"description\" content=\"This site is for anyone who loves delicious, healthy food. Whether you are a vegan, vegetarian or just someone who is open to new and alternative ways of cooking, this is the place to discover the richness that plantbased food has to offer everyone.\" \/>\n<meta name=\"robots\" content=\"index, follow, max-snippet:-1, max-image-preview:large, max-video-preview:-1\" \/>\n<link rel=\"canonical\" href=\"https:\/\/everydayplantpower.com\/nl\/\" \/>\n<meta property=\"og:locale\" content=\"nl_NL\" \/>\n<meta property=\"og:type\" content=\"article\" \/>\n<meta property=\"og:title\" content=\"Home - Everyday Plantpower\" \/>\n<meta property=\"og:description\" content=\"This site is for anyone who loves delicious, healthy food. Whether you are a vegan, vegetarian or just someone who is open to new and alternative ways of cooking, this is the place to discover the richness that plantbased food has to offer everyone.\" \/>\n<meta property=\"og:url\" content=\"https:\/\/everydayplantpower.com\/nl\/\" \/>\n<meta property=\"og:site_name\" content=\"Everyday Plantpower\" \/>\n<meta property=\"article:publisher\" content=\"https:\/\/www.facebook.com\/everydayplantpower\/\" \/>\n<meta property=\"article:modified_time\" content=\"2022-06-26T08:56:52+00:00\" \/>\n<meta property=\"og:image\" content=\"https:\/\/everydayplantpower.com\/wp-content\/uploads\/2020\/12\/xmas3-1-1024x648.png\" \/>\n\t<meta property=\"og:image:width\" content=\"1024\" \/>\n\t<meta property=\"og:image:height\" content=\"648\" \/>\n\t<meta property=\"og:image:type\" content=\"image\/png\" \/>\n<meta name=\"twitter:card\" content=\"summary_large_image\" \/>\n<meta name=\"twitter:label1\" content=\"Geschatte leestijd\" \/>\n\t<meta name=\"twitter:data1\" content=\"1 minuut\" \/>\n<script type=\"application\/ld+json\" class=\"yoast-schema-graph\">{\"@context\":\"https:\\\/\\\/schema.org\",\"@graph\":[{\"@type\":\"WebPage\",\"@id\":\"https:\\\/\\\/everydayplantpower.com\\\/\",\"url\":\"https:\\\/\\\/everydayplantpower.com\\\/\",\"name\":\"Home - Everyday Plantpower\",\"isPartOf\":{\"@id\":\"https:\\\/\\\/everydayplantpower.com\\\/#website\"},\"primaryImageOfPage\":{\"@id\":\"https:\\\/\\\/everydayplantpower.com\\\/#primaryimage\"},\"image\":{\"@id\":\"https:\\\/\\\/everydayplantpower.com\\\/#primaryimage\"},\"thumbnailUrl\":\"https:\\\/\\\/i0.wp.com\\\/everydayplantpower.com\\\/wp-content\\\/uploads\\\/2020\\\/12\\\/xmas3-1.png?fit=1779%2C1125&ssl=1\",\"datePublished\":\"2019-01-13T12:34:20+00:00\",\"dateModified\":\"2022-06-26T08:56:52+00:00\",\"description\":\"This site is for anyone who loves delicious, healthy food. Whether you are a vegan, vegetarian or just someone who is open to new and alternative ways of cooking, this is the place to discover the richness that plantbased food has to offer everyone.\",\"breadcrumb\":{\"@id\":\"https:\\\/\\\/everydayplantpower.com\\\/#breadcrumb\"},\"inLanguage\":\"nl-NL\",\"potentialAction\":[{\"@type\":\"ReadAction\",\"target\":[\"https:\\\/\\\/everydayplantpower.com\\\/\"]}]},{\"@type\":\"ImageObject\",\"inLanguage\":\"nl-NL\",\"@id\":\"https:\\\/\\\/everydayplantpower.com\\\/#primaryimage\",\"url\":\"https:\\\/\\\/i0.wp.com\\\/everydayplantpower.com\\\/wp-content\\\/uploads\\\/2020\\\/12\\\/xmas3-1.png?fit=1779%2C1125&ssl=1\",\"contentUrl\":\"https:\\\/\\\/i0.wp.com\\\/everydayplantpower.com\\\/wp-content\\\/uploads\\\/2020\\\/12\\\/xmas3-1.png?fit=1779%2C1125&ssl=1\",\"width\":1779,\"height\":1125},{\"@type\":\"BreadcrumbList\",\"@id\":\"https:\\\/\\\/everydayplantpower.com\\\/#breadcrumb\",\"itemListElement\":[{\"@type\":\"ListItem\",\"position\":1,\"name\":\"Home\",\"item\":\"https:\\\/\\\/everydayplantpower.com\\\/\"},{\"@type\":\"ListItem\",\"position\":2,\"name\":\"Home\"}]},{\"@type\":\"WebSite\",\"@id\":\"https:\\\/\\\/everydayplantpower.com\\\/#website\",\"url\":\"https:\\\/\\\/everydayplantpower.com\\\/\",\"name\":\"Everyday Plantpower\",\"description\":\"vegan recipes, workshops and food coaching\",\"publisher\":{\"@id\":\"https:\\\/\\\/everydayplantpower.com\\\/#organization\"},\"potentialAction\":[{\"@type\":\"SearchAction\",\"target\":{\"@type\":\"EntryPoint\",\"urlTemplate\":\"https:\\\/\\\/everydayplantpower.com\\\/?s={search_term_string}\"},\"query-input\":{\"@type\":\"PropertyValueSpecification\",\"valueRequired\":true,\"valueName\":\"search_term_string\"}}],\"inLanguage\":\"nl-NL\"},{\"@type\":\"Organization\",\"@id\":\"https:\\\/\\\/everydayplantpower.com\\\/#organization\",\"name\":\"Everyday Plantpower\",\"url\":\"https:\\\/\\\/everydayplantpower.com\\\/\",\"logo\":{\"@type\":\"ImageObject\",\"inLanguage\":\"nl-NL\",\"@id\":\"https:\\\/\\\/everydayplantpower.com\\\/#\\\/schema\\\/logo\\\/image\\\/\",\"url\":\"https:\\\/\\\/i0.wp.com\\\/everydayplantpower.com\\\/wp-content\\\/uploads\\\/2020\\\/08\\\/PlantPowerLogo.png?fit=774%2C781&ssl=1\",\"contentUrl\":\"https:\\\/\\\/i0.wp.com\\\/everydayplantpower.com\\\/wp-content\\\/uploads\\\/2020\\\/08\\\/PlantPowerLogo.png?fit=774%2C781&ssl=1\",\"width\":774,\"height\":781,\"caption\":\"Everyday Plantpower\"},\"image\":{\"@id\":\"https:\\\/\\\/everydayplantpower.com\\\/#\\\/schema\\\/logo\\\/image\\\/\"},\"sameAs\":[\"https:\\\/\\\/www.facebook.com\\\/everydayplantpower\\\/\",\"https:\\\/\\\/www.instagram.com\\\/everydayplantpower\\\/\",\"https:\\\/\\\/www.linkedin.com\\\/in\\\/br\u00fcnhilde-albers-den-ouden-67401316a\\\/\"]}]}<\/script>\n<!-- \/ Yoast SEO plugin. -->","yoast_head_json":{"title":"Home - Everyday Plantpower","description":"Deze website is voor iedereen die van lekker eten houdt. Of je nou vegan, vegetarisch of iemand bent die open staat voor nieuwe en andere manieren van koken. Hier ontdek je de veelzijdigheid van plantaardig eten.","robots":{"index":"index","follow":"follow","max-snippet":"max-snippet:-1","max-image-preview":"max-image-preview:large","max-video-preview":"max-video-preview:-1"},"canonical":"https:\/\/everydayplantpower.com\/nl\/","og_locale":"nl_NL","og_type":"article","og_title":"Home - Everyday Plantpower","og_description":"This site is for anyone who loves delicious, healthy food. Whether you are a vegan, vegetarian or just someone who is open to new and alternative ways of cooking, this is the place to discover the richness that plantbased food has to offer everyone.","og_url":"https:\/\/everydayplantpower.com\/nl\/","og_site_name":"Everyday Plantpower","article_publisher":"https:\/\/www.facebook.com\/everydayplantpower\/","article_modified_time":"2022-06-26T08:56:52+00:00","og_image":[{"width":1024,"height":648,"url":"https:\/\/everydayplantpower.com\/wp-content\/uploads\/2020\/12\/xmas3-1-1024x648.png","type":"image\/png"}],"twitter_card":"summary_large_image","twitter_misc":{"Geschatte leestijd":"1 minuut"},"schema":{"@context":"https:\/\/schema.org","@graph":[{"@type":"WebPage","@id":"https:\/\/everydayplantpower.com\/","url":"https:\/\/everydayplantpower.com\/","name":"Home - Everyday Plantpower","isPartOf":{"@id":"https:\/\/everydayplantpower.com\/#website"},"primaryImageOfPage":{"@id":"https:\/\/everydayplantpower.com\/#primaryimage"},"image":{"@id":"https:\/\/everydayplantpower.com\/#primaryimage"},"thumbnailUrl":"https:\/\/i0.wp.com\/everydayplantpower.com\/wp-content\/uploads\/2020\/12\/xmas3-1.png?fit=1779%2C1125&ssl=1","datePublished":"2019-01-13T12:34:20+00:00","dateModified":"2022-06-26T08:56:52+00:00","description":"Deze website is voor iedereen die van lekker eten houdt. Of je nou vegan, vegetarisch of iemand bent die open staat voor nieuwe en andere manieren van koken. Hier ontdek je de veelzijdigheid van plantaardig eten.","breadcrumb":{"@id":"https:\/\/everydayplantpower.com\/#breadcrumb"},"inLanguage":"nl-NL","potentialAction":[{"@type":"ReadAction","target":["https:\/\/everydayplantpower.com\/"]}]},{"@type":"ImageObject","inLanguage":"nl-NL","@id":"https:\/\/everydayplantpower.com\/#primaryimage","url":"https:\/\/i0.wp.com\/everydayplantpower.com\/wp-content\/uploads\/2020\/12\/xmas3-1.png?fit=1779%2C1125&ssl=1","contentUrl":"https:\/\/i0.wp.com\/everydayplantpower.com\/wp-content\/uploads\/2020\/12\/xmas3-1.png?fit=1779%2C1125&ssl=1","width":1779,"height":1125},{"@type":"BreadcrumbList","@id":"https:\/\/everydayplantpower.com\/#breadcrumb","itemListElement":[{"@type":"ListItem","position":1,"name":"Home","item":"https:\/\/everydayplantpower.com\/"},{"@type":"ListItem","position":2,"name":"Home"}]},{"@type":"WebSite","@id":"https:\/\/everydayplantpower.com\/#website","url":"https:\/\/everydayplantpower.com\/","name":"Everyday Plantpower","description":"Plantaardige recepten, workshops en food coaching","publisher":{"@id":"https:\/\/everydayplantpower.com\/#organization"},"potentialAction":[{"@type":"SearchAction","target":{"@type":"EntryPoint","urlTemplate":"https:\/\/everydayplantpower.com\/?s={search_term_string}"},"query-input":{"@type":"PropertyValueSpecification","valueRequired":true,"valueName":"search_term_string"}}],"inLanguage":"nl-NL"},{"@type":"Organization","@id":"https:\/\/everydayplantpower.com\/#organization","name":"Everyday Plantpower","url":"https:\/\/everydayplantpower.com\/","logo":{"@type":"ImageObject","inLanguage":"nl-NL","@id":"https:\/\/everydayplantpower.com\/#\/schema\/logo\/image\/","url":"https:\/\/i0.wp.com\/everydayplantpower.com\/wp-content\/uploads\/2020\/08\/PlantPowerLogo.png?fit=774%2C781&ssl=1","contentUrl":"https:\/\/i0.wp.com\/everydayplantpower.com\/wp-content\/uploads\/2020\/08\/PlantPowerLogo.png?fit=774%2C781&ssl=1","width":774,"height":781,"caption":"Everyday Plantpower"},"image":{"@id":"https:\/\/everydayplantpower.com\/#\/schema\/logo\/image\/"},"sameAs":["https:\/\/www.facebook.com\/everydayplantpower\/","https:\/\/www.instagram.com\/everydayplantpower\/","https:\/\/www.linkedin.com\/in\/br\u00fcnhilde-albers-den-ouden-67401316a\/"]}]}},"jetpack_likes_enabled":true,"jetpack_sharing_enabled":true,"jetpack_shortlink":"https:\/\/wp.me\/PapHLi-200","amp_enabled":false,"_links":{"self":[{"href":"https:\/\/everydayplantpower.com\/nl\/wp-json\/wp\/v2\/pages\/7688","targetHints":{"allow":["GET"]}}],"collection":[{"href":"https:\/\/everydayplantpower.com\/nl\/wp-json\/wp\/v2\/pages"}],"about":[{"href":"https:\/\/everydayplantpower.com\/nl\/wp-json\/wp\/v2\/types\/page"}],"author":[{"embeddable":true,"href":"https:\/\/everydayplantpower.com\/nl\/wp-json\/wp\/v2\/users\/147279797"}],"replies":[{"embeddable":true,"href":"https:\/\/everydayplantpower.com\/nl\/wp-json\/wp\/v2\/comments?post=7688"}],"version-history":[{"count":37,"href":"https:\/\/everydayplantpower.com\/nl\/wp-json\/wp\/v2\/pages\/7688\/revisions"}],"predecessor-version":[{"id":19619,"href":"https:\/\/everydayplantpower.com\/nl\/wp-json\/wp\/v2\/pages\/7688\/revisions\/19619"}],"wp:featuredmedia":[{"embeddable":true,"href":"https:\/\/everydayplantpower.com\/nl\/wp-json\/wp\/v2\/media\/11115"}],"wp:attachment":[{"href":"https:\/\/everydayplantpower.com\/nl\/wp-json\/wp\/v2\/media?parent=7688"}],"curies":[{"name":"wp","href":"https:\/\/api.w.org\/{rel}","templated":true}]}}